{"id":4281,"date":"2025-01-09T18:42:22","date_gmt":"2025-01-09T16:42:22","guid":{"rendered":"https:\/\/metronmetal.ee\/galerii-2\/"},"modified":"2025-02-16T23:50:25","modified_gmt":"2025-02-16T21:50:25","slug":"gallery","status":"publish","type":"page","link":"https:\/\/metronmetal.ee\/en\/gallery\/","title":{"rendered":"Gallery"},"content":{"rendered":"<div class=\"wpb-content-wrapper\"><p>[vc_row][vc_column][ind_custom_heading heading=&#8221;A Selection of Our Work&#8221;][vc_column_text css=&#8221;&#8221;][\/vc_column_text][\/vc_column][\/vc_row][vc_row][vc_column][vc_media_grid style=&#8221;lazy&#8221; items_per_page=&#8221;5&#8243; element_width=&#8221;3&#8243; gap=&#8221;10&#8243; css=&#8221;&#8221; initial_loading_animation=&#8221;fadeInDown&#8221; grid_id=&#8221;vc_gid:1739742582092-c8f48037-daf1-5&#8243; include=&#8221;3999,5369,5372,5375,5378,5381,5384,5387,5390,5393,5396,5399,5402,5405,5408,5411,5414,5417,5420,5423,5426,5429,5432,5435,5438,5339,5336,5318&#8243;][\/vc_column][\/vc_row]<\/p>\n<\/div>","protected":false},"excerpt":{"rendered":"<p>[vc_row][vc_column][ind_custom_heading heading=&#8221;A Selection of Our Work&#8221;][vc_column_text css=&#8221;&#8221;][\/vc_column_text][\/vc_column][\/vc_row][vc_row][vc_column][vc_media_grid style=&#8221;lazy&#8221; items_per_page=&#8221;5&#8243; element_width=&#8221;3&#8243; gap=&#8221;10&#8243; css=&#8221;&#8221; initial_loading_animation=&#8221;fadeInDown&#8221; grid_id=&#8221;vc_gid:1739742582092-c8f48037-daf1-5&#8243; include=&#8221;3999,5369,5372,5375,5378,5381,5384,5387,5390,5393,5396,5399,5402,5405,5408,5411,5414,5417,5420,5423,5426,5429,5432,5435,5438,5339,5336,5318&#8243;][\/vc_column][\/vc_row]<\/p>\n","protected":false},"author":3,"featured_media":0,"parent":0,"menu_order":0,"comment_status":"closed","ping_status":"closed","template":"","meta":{"_themeisle_gutenberg_block_has_review":false,"footnotes":""},"class_list":["post-4281","page","type-page","status-publish","hentry"],"yoast_head":"<!-- This site is optimized with the Yoast SEO plugin v27.4 - https:\/\/yoast.com\/product\/yoast-seo-wordpress\/ -->\n<title>Gallery - Metron O\u00dc<\/title>\n<meta name=\"robots\" content=\"index, follow, max-snippet:-1, max-image-preview:large, max-video-preview:-1\" \/>\n<link rel=\"canonical\" href=\"https:\/\/metronmetal.ee\/en\/gallery\/\" \/>\n<meta property=\"og:locale\" content=\"en_US\" \/>\n<meta property=\"og:type\" content=\"article\" \/>\n<meta property=\"og:title\" content=\"Gallery - Metron O\u00dc\" \/>\n<meta property=\"og:description\" content=\"[vc_row][vc_column][ind_custom_heading heading=&#8221;A Selection of Our Work&#8221;][vc_column_text css=&#8221;&#8221;][\/vc_column_text][\/vc_column][\/vc_row][vc_row][vc_column][vc_media_grid style=&#8221;lazy&#8221; items_per_page=&#8221;5&#8243; element_width=&#8221;3&#8243; gap=&#8221;10&#8243; css=&#8221;&#8221; initial_loading_animation=&#8221;fadeInDown&#8221; grid_id=&#8221;vc_gid:1739742582092-c8f48037-daf1-5&#8243; include=&#8221;3999,5369,5372,5375,5378,5381,5384,5387,5390,5393,5396,5399,5402,5405,5408,5411,5414,5417,5420,5423,5426,5429,5432,5435,5438,5339,5336,5318&#8243;][\/vc_column][\/vc_row]\" \/>\n<meta property=\"og:url\" content=\"https:\/\/metronmetal.ee\/en\/gallery\/\" \/>\n<meta property=\"og:site_name\" content=\"Metron O\u00dc\" \/>\n<meta property=\"article:publisher\" content=\"https:\/\/www.facebook.com\/MetronOU\" \/>\n<meta property=\"article:modified_time\" content=\"2025-02-16T21:50:25+00:00\" \/>\n<meta name=\"twitter:card\" content=\"summary_large_image\" \/>\n<meta name=\"twitter:label1\" content=\"Est. reading time\" \/>\n\t<meta name=\"twitter:data1\" content=\"6 minutes\" \/>\n<script type=\"application\/ld+json\" class=\"yoast-schema-graph\">{\"@context\":\"https:\\\/\\\/schema.org\",\"@graph\":[{\"@type\":\"WebPage\",\"@id\":\"https:\\\/\\\/metronmetal.ee\\\/en\\\/gallery\\\/\",\"url\":\"https:\\\/\\\/metronmetal.ee\\\/en\\\/gallery\\\/\",\"name\":\"Gallery - Metron O\u00dc\",\"isPartOf\":{\"@id\":\"https:\\\/\\\/metronmetal.ee\\\/en\\\/#website\"},\"datePublished\":\"2025-01-09T16:42:22+00:00\",\"dateModified\":\"2025-02-16T21:50:25+00:00\",\"breadcrumb\":{\"@id\":\"https:\\\/\\\/metronmetal.ee\\\/en\\\/gallery\\\/#breadcrumb\"},\"inLanguage\":\"en-US\",\"potentialAction\":[{\"@type\":\"ReadAction\",\"target\":[\"https:\\\/\\\/metronmetal.ee\\\/en\\\/gallery\\\/\"]}]},{\"@type\":\"BreadcrumbList\",\"@id\":\"https:\\\/\\\/metronmetal.ee\\\/en\\\/gallery\\\/#breadcrumb\",\"itemListElement\":[{\"@type\":\"ListItem\",\"position\":1,\"name\":\"Home\",\"item\":\"https:\\\/\\\/metronmetal.ee\\\/en\\\/\"},{\"@type\":\"ListItem\",\"position\":2,\"name\":\"Gallery\"}]},{\"@type\":\"WebSite\",\"@id\":\"https:\\\/\\\/metronmetal.ee\\\/en\\\/#website\",\"url\":\"https:\\\/\\\/metronmetal.ee\\\/en\\\/\",\"name\":\"Metron O\u00dc\",\"description\":\"Metron O\u00dc on spetsialiseerunud seadmekorpuste ja toruraamide tootmisele, pakkudes terviklikke metallit\u00f6\u00f6tluslahendusi \u2013 laserl\u00f5ikusest ja painutamisest kuni keevitamise ja viimistluseni.\",\"publisher\":{\"@id\":\"https:\\\/\\\/metronmetal.ee\\\/en\\\/#organization\"},\"potentialAction\":[{\"@type\":\"SearchAction\",\"target\":{\"@type\":\"EntryPoint\",\"urlTemplate\":\"https:\\\/\\\/metronmetal.ee\\\/en\\\/?s={search_term_string}\"},\"query-input\":{\"@type\":\"PropertyValueSpecification\",\"valueRequired\":true,\"valueName\":\"search_term_string\"}}],\"inLanguage\":\"en-US\"},{\"@type\":\"Organization\",\"@id\":\"https:\\\/\\\/metronmetal.ee\\\/en\\\/#organization\",\"name\":\"Metron Metal\",\"url\":\"https:\\\/\\\/metronmetal.ee\\\/en\\\/\",\"logo\":{\"@type\":\"ImageObject\",\"inLanguage\":\"en-US\",\"@id\":\"https:\\\/\\\/metronmetal.ee\\\/en\\\/#\\\/schema\\\/logo\\\/image\\\/\",\"url\":\"https:\\/\\/metronmetal.ee\\/wp-content\\/uploads\\/2024\\/12\\/Metron-logo_sinine1.jpg\",\"contentUrl\":\"https:\\/\\/metronmetal.ee\\/wp-content\\/uploads\\/2024\\/12\\/Metron-logo_sinine1.jpg\",\"width\":1000,\"height\":500,\"caption\":\"Metron Metal\"},\"image\":{\"@id\":\"https:\\\/\\\/metronmetal.ee\\\/en\\\/#\\\/schema\\\/logo\\\/image\\\/\"},\"sameAs\":[\"https:\\\/\\\/www.facebook.com\\\/MetronOU\"]}]}<\/script>\n<!-- \/ Yoast SEO plugin. -->","yoast_head_json":{"title":"Gallery - Metron O\u00dc","robots":{"index":"index","follow":"follow","max-snippet":"max-snippet:-1","max-image-preview":"max-image-preview:large","max-video-preview":"max-video-preview:-1"},"canonical":"https:\/\/metronmetal.ee\/en\/gallery\/","og_locale":"en_US","og_type":"article","og_title":"Gallery - Metron O\u00dc","og_description":"[vc_row][vc_column][ind_custom_heading heading=&#8221;A Selection of Our Work&#8221;][vc_column_text css=&#8221;&#8221;][\/vc_column_text][\/vc_column][\/vc_row][vc_row][vc_column][vc_media_grid style=&#8221;lazy&#8221; items_per_page=&#8221;5&#8243; element_width=&#8221;3&#8243; gap=&#8221;10&#8243; css=&#8221;&#8221; initial_loading_animation=&#8221;fadeInDown&#8221; grid_id=&#8221;vc_gid:1739742582092-c8f48037-daf1-5&#8243; include=&#8221;3999,5369,5372,5375,5378,5381,5384,5387,5390,5393,5396,5399,5402,5405,5408,5411,5414,5417,5420,5423,5426,5429,5432,5435,5438,5339,5336,5318&#8243;][\/vc_column][\/vc_row]","og_url":"https:\/\/metronmetal.ee\/en\/gallery\/","og_site_name":"Metron O\u00dc","article_publisher":"https:\/\/www.facebook.com\/MetronOU","article_modified_time":"2025-02-16T21:50:25+00:00","twitter_card":"summary_large_image","twitter_misc":{"Est. reading time":"6 minutes"},"schema":{"@context":"https:\/\/schema.org","@graph":[{"@type":"WebPage","@id":"https:\/\/metronmetal.ee\/en\/gallery\/","url":"https:\/\/metronmetal.ee\/en\/gallery\/","name":"Gallery - Metron O\u00dc","isPartOf":{"@id":"https:\/\/metronmetal.ee\/en\/#website"},"datePublished":"2025-01-09T16:42:22+00:00","dateModified":"2025-02-16T21:50:25+00:00","breadcrumb":{"@id":"https:\/\/metronmetal.ee\/en\/gallery\/#breadcrumb"},"inLanguage":"en-US","potentialAction":[{"@type":"ReadAction","target":["https:\/\/metronmetal.ee\/en\/gallery\/"]}]},{"@type":"BreadcrumbList","@id":"https:\/\/metronmetal.ee\/en\/gallery\/#breadcrumb","itemListElement":[{"@type":"ListItem","position":1,"name":"Home","item":"https:\/\/metronmetal.ee\/en\/"},{"@type":"ListItem","position":2,"name":"Gallery"}]},{"@type":"WebSite","@id":"https:\/\/metronmetal.ee\/en\/#website","url":"https:\/\/metronmetal.ee\/en\/","name":"Metron O\u00dc","description":"Metron O\u00dc on spetsialiseerunud seadmekorpuste ja toruraamide tootmisele, pakkudes terviklikke metallit\u00f6\u00f6tluslahendusi \u2013 laserl\u00f5ikusest ja painutamisest kuni keevitamise ja viimistluseni.","publisher":{"@id":"https:\/\/metronmetal.ee\/en\/#organization"},"potentialAction":[{"@type":"SearchAction","target":{"@type":"EntryPoint","urlTemplate":"https:\/\/metronmetal.ee\/en\/?s={search_term_string}"},"query-input":{"@type":"PropertyValueSpecification","valueRequired":true,"valueName":"search_term_string"}}],"inLanguage":"en-US"},{"@type":"Organization","@id":"https:\/\/metronmetal.ee\/en\/#organization","name":"Metron Metal","url":"https:\/\/metronmetal.ee\/en\/","logo":{"@type":"ImageObject","inLanguage":"en-US","@id":"https:\/\/metronmetal.ee\/en\/#\/schema\/logo\/image\/","url":"https:\/\/mlqn2jsiapsy.i.optimole.com\/cb:zu8E.12e\/w:auto\/h:auto\/q:mauto\/f:best\/https:\/\/metronmetal.ee\/wp-content\/uploads\/2024\/12\/Metron-logo_sinine1.jpg","contentUrl":"https:\/\/mlqn2jsiapsy.i.optimole.com\/cb:zu8E.12e\/w:auto\/h:auto\/q:mauto\/f:best\/https:\/\/metronmetal.ee\/wp-content\/uploads\/2024\/12\/Metron-logo_sinine1.jpg","width":1000,"height":500,"caption":"Metron Metal"},"image":{"@id":"https:\/\/metronmetal.ee\/en\/#\/schema\/logo\/image\/"},"sameAs":["https:\/\/www.facebook.com\/MetronOU"]}]}},"_links":{"self":[{"href":"https:\/\/metronmetal.ee\/en\/wp-json\/wp\/v2\/pages\/4281","targetHints":{"allow":["GET"]}}],"collection":[{"href":"https:\/\/metronmetal.ee\/en\/wp-json\/wp\/v2\/pages"}],"about":[{"href":"https:\/\/metronmetal.ee\/en\/wp-json\/wp\/v2\/types\/page"}],"author":[{"embeddable":true,"href":"https:\/\/metronmetal.ee\/en\/wp-json\/wp\/v2\/users\/3"}],"replies":[{"embeddable":true,"href":"https:\/\/metronmetal.ee\/en\/wp-json\/wp\/v2\/comments?post=4281"}],"version-history":[{"count":0,"href":"https:\/\/metronmetal.ee\/en\/wp-json\/wp\/v2\/pages\/4281\/revisions"}],"wp:attachment":[{"href":"https:\/\/metronmetal.ee\/en\/wp-json\/wp\/v2\/media?parent=4281"}],"curies":[{"name":"wp","href":"https:\/\/api.w.org\/{rel}","templated":true}]}}