{"id":4286,"date":"2017-02-01T11:26:07","date_gmt":"2017-02-01T09:26:07","guid":{"rendered":"https:\/\/metronmetal.ee\/kontakt\/"},"modified":"2026-03-10T15:41:50","modified_gmt":"2026-03-10T13:41:50","slug":"yhteystiedot-2","status":"publish","type":"page","link":"https:\/\/metronmetal.ee\/fi\/yhteystiedot-2\/","title":{"rendered":"Yhteystiedot"},"content":{"rendered":"<div class=\"wpb-content-wrapper\"><p>[vc_row el_class=&#8221;core-projects touch&#8221;][vc_column el_class=&#8221;touch_bg&#8221; css=&#8221;.vc_custom_1634219844203{padding-top: 0px !important;padding-bottom: 100px !important;}&#8221;][vc_row_inner][vc_column_inner width=&#8221;1\/2&#8243;][ind_custom_heading heading=&#8221;OTA MEIHIN YHTEYTT\u00c4&#8221; colored_line=&#8221;yes&#8221;][vc_column_text css=&#8221;.vc_custom_1739033547004{padding-bottom: 100px !important;}&#8221;]<strong>Tiimimme on valmis vastaamaan kaikkiin kysymyksiinne ja tarjoamaan ratkaisuja projekteihinne.<\/strong> Olipa kyse alihankinnasta, yhteisty\u00f6st\u00e4 tai ty\u00f6tarjouksesta \u2013 ottakaa meihin yhteytt\u00e4 keskustellaksenne tarpeistanne ja l\u00f6yt\u00e4\u00e4ksemme parhaat mahdollisuudet.<\/p>\n<p>Meihin on helppo ottaa yhteytt\u00e4 \u2013 kirjoittakaa tai soittakaa, niin l\u00f6yd\u00e4mme teille sopivan ratkaisun.[\/vc_column_text][\/vc_column_inner][vc_column_inner width=&#8221;1\/2&#8243;][vc_single_image image=&#8221;3329&#8243; img_size=&#8221;large&#8221; css=&#8221;&#8221;][\/vc_column_inner][\/vc_row_inner][vc_row_inner el_class=&#8221;row touch_middle&#8221;][vc_column_inner el_class=&#8221;open_hours&#8221; width=&#8221;1\/3&#8243;][vc_column_text css=&#8221;&#8221;]<\/p>\n<div class=\"touch_top-con\">\n<ul class=\"nav\">\n<li class=\"item\">\n<div class=\"media\">\n<div class=\"media-left\"><a href=\"#\"> <i class=\"fa fa-map-marker\"><\/i><br \/>\n<\/a><\/div>\n<div class=\"media-body\">\n<p>Kurna tee 30, Kiili, 75417<br \/>\nHarju maakond<\/p>\n<p>&nbsp;<\/p>\n<\/div>\n<\/div>\n<\/li>\n<li class=\"item\">\n<div class=\"media\">\n<div class=\"media-left\"><a href=\"#\"> <i class=\"fa fa-envelope-o\"><\/i><br \/>\n<\/a><\/div>\n<div class=\"media-body\">\n<p><a href=\"&#109;a&#x69;l&#x74;&#111;&#x3a;&#105;&#x6e;&#102;o&#x40;m&#x65;&#116;&#x72;&#111;&#x6e;&#109;&#x65;&#116;a&#x6c;&#46;&#x65;&#101;\">i&#110;&#102;&#x6f;&#x40;&#x6d;et&#114;&#111;&#x6e;&#x6d;&#x65;t&#97;&#108;&#46;&#x65;&#x65;<\/a><\/p>\n<\/div>\n<\/div>\n<\/li>\n<li class=\"item\">\n<div class=\"media\">\n<div class=\"media-left\"><a href=\"#\"> <i class=\"fa fa-phone\"><\/i><br \/>\n<\/a><\/div>\n<div class=\"media-body\">\n<p><strong>Myynti:<\/strong><br \/>\n\u00dclari Sepp +372 52 91 325<\/p>\n<p><strong>Tuotanto:<\/strong><br \/>\nUrmas Virro +372 51 55 400<\/p>\n<\/div>\n<\/div>\n<\/li>\n<\/ul>\n<\/div>\n<p>[\/vc_column_text][\/vc_column_inner][vc_column_inner el_class=&#8221;input_form&#8221; width=&#8221;2\/3&#8243;]\n<div class=\"wpcf7 no-js\" id=\"wpcf7-f4322-o1\" lang=\"fi\" dir=\"ltr\" data-wpcf7-id=\"4322\">\n<div class=\"screen-reader-response\"><p role=\"status\" aria-live=\"polite\" aria-atomic=\"true\"><\/p> <ul><\/ul><\/div>\n<form action=\"\/fi\/wp-json\/wp\/v2\/pages\/4286#wpcf7-f4322-o1\" method=\"post\" class=\"wpcf7-form init\" aria-label=\"Yhteydenottolomake\" novalidate=\"novalidate\" data-status=\"init\">\n<fieldset class=\"hidden-fields-container\"><input type=\"hidden\" name=\"_wpcf7\" value=\"4322\" \/><input type=\"hidden\" name=\"_wpcf7_version\" value=\"6.1.5\" \/><input type=\"hidden\" name=\"_wpcf7_locale\" value=\"fi\" \/><input type=\"hidden\" name=\"_wpcf7_unit_tag\" value=\"wpcf7-f4322-o1\" \/><input type=\"hidden\" name=\"_wpcf7_container_post\" value=\"0\" \/><input type=\"hidden\" name=\"_wpcf7_posted_data_hash\" value=\"\" \/>\n<\/fieldset>\n<p><label> Nimi (n\u00f5utav)<br \/>\n<span class=\"wpcf7-form-control-wrap\" data-name=\"your-name\"><input size=\"40\" maxlength=\"400\" class=\"wpcf7-form-control wpcf7-text wpcf7-validates-as-required\" aria-required=\"true\" aria-invalid=\"false\" value=\"\" type=\"text\" name=\"your-name\" \/><\/span> <\/label>\n<\/p>\n<p><label> Email (n\u00f5utav)<br \/>\n<span class=\"wpcf7-form-control-wrap\" data-name=\"your-email\"><input size=\"40\" maxlength=\"400\" class=\"wpcf7-form-control wpcf7-email wpcf7-validates-as-required wpcf7-text wpcf7-validates-as-email\" aria-required=\"true\" aria-invalid=\"false\" value=\"\" type=\"email\" name=\"your-email\" \/><\/span> <\/label>\n<\/p>\n<p><label> Teema<br \/>\n<span class=\"wpcf7-form-control-wrap\" data-name=\"your-subject\"><input size=\"40\" maxlength=\"400\" class=\"wpcf7-form-control wpcf7-text\" aria-invalid=\"false\" value=\"\" type=\"text\" name=\"your-subject\" \/><\/span> <\/label>\n<\/p>\n<p><label> Teade<br \/>\n<span class=\"wpcf7-form-control-wrap\" data-name=\"your-message\"><textarea cols=\"40\" rows=\"10\" maxlength=\"2000\" class=\"wpcf7-form-control wpcf7-textarea\" aria-invalid=\"false\" name=\"your-message\"><\/textarea><\/span> <\/label>\n<\/p>\n<p><input class=\"wpcf7-form-control wpcf7-submit has-spinner\" type=\"submit\" value=\"Saada\" \/>\n<\/p><div class=\"wpcf7-response-output\" aria-hidden=\"true\"><\/div>\n<\/form>\n<\/div>\n[\/vc_column_inner][\/vc_row_inner][vc_btn title=&#8221;&#8221; i_icon_fontawesome=&#8221;fab fa-facebook-f&#8221; css=&#8221;.vc_custom_1738783821731{margin-right: 22px !important;margin-bottom: 22px !important;}&#8221; add_icon=&#8221;true&#8221; link=&#8221;url:https%3A%2F%2Fwww.facebook.com%2FMetronOU&#8221;][vc_btn title=&#8221;&#8221; i_icon_fontawesome=&#8221;fab fa-instagram&#8221; css=&#8221;.vc_custom_1738784007572{margin-right: 22px !important;}&#8221; add_icon=&#8221;true&#8221; link=&#8221;url:https%3A%2F%2Fwww.instagram.com%2Fmetronmetal%2F&#8221;][vc_btn title=&#8221;&#8221; i_icon_fontawesome=&#8221;fab fa-linkedin-in&#8221; css=&#8221;&#8221; add_icon=&#8221;true&#8221; link=&#8221;url:https%3A%2F%2Fwww.linkedin.com%2Fcompany%2Fmetron-o%2F%3ForiginalSubdomain%3Dee&#8221;][\/vc_column][\/vc_row][vc_row full_width=&#8221;stretch_row_content_no_spaces&#8221; css=&#8221;.vc_custom_1634219804677{margin-bottom: -100px !important;}&#8221;][vc_column][vc_gmaps link=&#8221;#E-8_JTNDaWZyYW1lJTIwc3JjJTNEJTIyaHR0cHMlM0ElMkYlMkZ3d3cuZ29vZ2xlLmNvbSUyRm1hcHMlMkZlbWJlZCUzRnBiJTNEJTIxMW0xOCUyMTFtMTIlMjExbTMlMjExZDI3NTQuNjQzMDk0NTcxODgxNiUyMTJkMjQuODQ3NTQ4JTIxM2Q1OS4zMTM2NTUlMjEybTMlMjExZjAlMjEyZjAlMjEzZjAlMjEzbTIlMjExaTEwMjQlMjEyaTc2OCUyMTRmMTMuMSUyMTNtMyUyMTFtMiUyMTFzMHg0NjkyZWI2YzRmNGVmZWQ5JTI1M0EweGFiZTYxNjAzZmY5ZWM3M2IlMjEyc01ldHJvbiUyNTIwTyUyNUMzJTI1OUMlMjE1ZTElMjEzbTIlMjExc2V0JTIxMnNlZSUyMTR2MTc3MzE0OTg4OTIwMCUyMTVtMiUyMTFzZXQlMjEyc2VlJTIyJTIwd2lkdGglM0QlMjI2MDAlMjIlMjBoZWlnaHQlM0QlMjI0NTAlMjIlMjBzdHlsZSUzRCUyMmJvcmRlciUzQTAlM0IlMjIlMjBhbGxvd2Z1bGxzY3JlZW4lM0QlMjIlMjIlMjBsb2FkaW5nJTNEJTIybGF6eSUyMiUyMHJlZmVycmVycG9saWN5JTNEJTIybm8tcmVmZXJyZXItd2hlbi1kb3duZ3JhZGUlMjIlM0UlM0MlMkZpZnJhbWUlM0U=&#8221; css=&#8221;&#8221;][\/vc_column][\/vc_row][vc_row][vc_column][\/vc_column][\/vc_row]<\/p>\n<\/div>","protected":false},"excerpt":{"rendered":"<p>[vc_row el_class=&#8221;core-projects touch&#8221;][vc_column el_class=&#8221;touch_bg&#8221; css=&#8221;.vc_custom_1634219844203{padding-top: 0px !important;padding-bottom: 100px !important;}&#8221;][vc_row_inner][vc_column_inner width=&#8221;1\/2&#8243;][ind_custom_heading heading=&#8221;OTA MEIHIN YHTEYTT\u00c4&#8221; colored_line=&#8221;yes&#8221;][vc_column_text css=&#8221;.vc_custom_1739033547004{padding-bottom: 100px !important;}&#8221;]Tiimimme on valmis vastaamaan kaikkiin &#8230;<\/p>\n","protected":false},"author":1,"featured_media":0,"parent":0,"menu_order":0,"comment_status":"closed","ping_status":"closed","template":"","meta":{"_themeisle_gutenberg_block_has_review":false,"footnotes":""},"class_list":["post-4286","page","type-page","status-publish","hentry"],"yoast_head":"<!-- This site is optimized with the Yoast SEO plugin v27.5 - https:\/\/yoast.com\/product\/yoast-seo-wordpress\/ -->\n<title>Yhteystiedot - Metron O\u00dc<\/title>\n<meta name=\"robots\" content=\"index, follow, max-snippet:-1, max-image-preview:large, max-video-preview:-1\" \/>\n<link rel=\"canonical\" href=\"https:\/\/metronmetal.ee\/fi\/yhteystiedot-2\/\" \/>\n<meta property=\"og:locale\" content=\"fi_FI\" \/>\n<meta property=\"og:type\" content=\"article\" \/>\n<meta property=\"og:title\" content=\"Yhteystiedot - Metron O\u00dc\" \/>\n<meta property=\"og:description\" content=\"[vc_row el_class=&#8221;core-projects touch&#8221;][vc_column el_class=&#8221;touch_bg&#8221; css=&#8221;.vc_custom_1634219844203{padding-top: 0px !important;padding-bottom: 100px !important;}&#8221;][vc_row_inner][vc_column_inner width=&#8221;1\/2&#8243;][ind_custom_heading heading=&#8221;OTA MEIHIN YHTEYTT\u00c4&#8221; colored_line=&#8221;yes&#8221;][vc_column_text css=&#8221;.vc_custom_1739033547004{padding-bottom: 100px !important;}&#8221;]Tiimimme on valmis vastaamaan kaikkiin ...\" \/>\n<meta property=\"og:url\" content=\"https:\/\/metronmetal.ee\/fi\/yhteystiedot-2\/\" \/>\n<meta property=\"og:site_name\" content=\"Metron O\u00dc\" \/>\n<meta property=\"article:publisher\" content=\"https:\/\/www.facebook.com\/MetronOU\" \/>\n<meta property=\"article:modified_time\" content=\"2026-03-10T13:41:50+00:00\" \/>\n<meta name=\"twitter:card\" content=\"summary_large_image\" \/>\n<meta name=\"twitter:label1\" content=\"Arvioitu lukuaika\" \/>\n\t<meta name=\"twitter:data1\" content=\"1 minuutti\" \/>\n<script type=\"application\/ld+json\" class=\"yoast-schema-graph\">{\"@context\":\"https:\\\/\\\/schema.org\",\"@graph\":[{\"@type\":\"WebPage\",\"@id\":\"https:\\\/\\\/metronmetal.ee\\\/fi\\\/yhteystiedot-2\\\/\",\"url\":\"https:\\\/\\\/metronmetal.ee\\\/fi\\\/yhteystiedot-2\\\/\",\"name\":\"Yhteystiedot - Metron O\u00dc\",\"isPartOf\":{\"@id\":\"https:\\\/\\\/metronmetal.ee\\\/fi\\\/#website\"},\"datePublished\":\"2017-02-01T09:26:07+00:00\",\"dateModified\":\"2026-03-10T13:41:50+00:00\",\"breadcrumb\":{\"@id\":\"https:\\\/\\\/metronmetal.ee\\\/fi\\\/yhteystiedot-2\\\/#breadcrumb\"},\"inLanguage\":\"fi\",\"potentialAction\":[{\"@type\":\"ReadAction\",\"target\":[\"https:\\\/\\\/metronmetal.ee\\\/fi\\\/yhteystiedot-2\\\/\"]}]},{\"@type\":\"BreadcrumbList\",\"@id\":\"https:\\\/\\\/metronmetal.ee\\\/fi\\\/yhteystiedot-2\\\/#breadcrumb\",\"itemListElement\":[{\"@type\":\"ListItem\",\"position\":1,\"name\":\"Home\",\"item\":\"https:\\\/\\\/metronmetal.ee\\\/fi\\\/\"},{\"@type\":\"ListItem\",\"position\":2,\"name\":\"Yhteystiedot\"}]},{\"@type\":\"WebSite\",\"@id\":\"https:\\\/\\\/metronmetal.ee\\\/fi\\\/#website\",\"url\":\"https:\\\/\\\/metronmetal.ee\\\/fi\\\/\",\"name\":\"Metron O\u00dc\",\"description\":\"Metron O\u00dc on spetsialiseerunud seadmekorpuste ja toruraamide tootmisele, pakkudes terviklikke metallit\u00f6\u00f6tluslahendusi \u2013 laserl\u00f5ikusest ja painutamisest kuni keevitamise ja viimistluseni.\",\"publisher\":{\"@id\":\"https:\\\/\\\/metronmetal.ee\\\/fi\\\/#organization\"},\"potentialAction\":[{\"@type\":\"SearchAction\",\"target\":{\"@type\":\"EntryPoint\",\"urlTemplate\":\"https:\\\/\\\/metronmetal.ee\\\/fi\\\/?s={search_term_string}\"},\"query-input\":{\"@type\":\"PropertyValueSpecification\",\"valueRequired\":true,\"valueName\":\"search_term_string\"}}],\"inLanguage\":\"fi\"},{\"@type\":\"Organization\",\"@id\":\"https:\\\/\\\/metronmetal.ee\\\/fi\\\/#organization\",\"name\":\"Metron Metal\",\"url\":\"https:\\\/\\\/metronmetal.ee\\\/fi\\\/\",\"logo\":{\"@type\":\"ImageObject\",\"inLanguage\":\"fi\",\"@id\":\"https:\\\/\\\/metronmetal.ee\\\/fi\\\/#\\\/schema\\\/logo\\\/image\\\/\",\"url\":\"https:\\/\\/metronmetal.ee\\/wp-content\\/uploads\\/2024\\/12\\/Metron-logo_sinine1.jpg\",\"contentUrl\":\"https:\\/\\/metronmetal.ee\\/wp-content\\/uploads\\/2024\\/12\\/Metron-logo_sinine1.jpg\",\"width\":1000,\"height\":500,\"caption\":\"Metron Metal\"},\"image\":{\"@id\":\"https:\\\/\\\/metronmetal.ee\\\/fi\\\/#\\\/schema\\\/logo\\\/image\\\/\"},\"sameAs\":[\"https:\\\/\\\/www.facebook.com\\\/MetronOU\"]}]}<\/script>\n<!-- \/ Yoast SEO plugin. -->","yoast_head_json":{"title":"Yhteystiedot - Metron O\u00dc","robots":{"index":"index","follow":"follow","max-snippet":"max-snippet:-1","max-image-preview":"max-image-preview:large","max-video-preview":"max-video-preview:-1"},"canonical":"https:\/\/metronmetal.ee\/fi\/yhteystiedot-2\/","og_locale":"fi_FI","og_type":"article","og_title":"Yhteystiedot - Metron O\u00dc","og_description":"[vc_row el_class=&#8221;core-projects touch&#8221;][vc_column el_class=&#8221;touch_bg&#8221; css=&#8221;.vc_custom_1634219844203{padding-top: 0px !important;padding-bottom: 100px !important;}&#8221;][vc_row_inner][vc_column_inner width=&#8221;1\/2&#8243;][ind_custom_heading heading=&#8221;OTA MEIHIN YHTEYTT\u00c4&#8221; colored_line=&#8221;yes&#8221;][vc_column_text css=&#8221;.vc_custom_1739033547004{padding-bottom: 100px !important;}&#8221;]Tiimimme on valmis vastaamaan kaikkiin ...","og_url":"https:\/\/metronmetal.ee\/fi\/yhteystiedot-2\/","og_site_name":"Metron O\u00dc","article_publisher":"https:\/\/www.facebook.com\/MetronOU","article_modified_time":"2026-03-10T13:41:50+00:00","twitter_card":"summary_large_image","twitter_misc":{"Arvioitu lukuaika":"1 minuutti"},"schema":{"@context":"https:\/\/schema.org","@graph":[{"@type":"WebPage","@id":"https:\/\/metronmetal.ee\/fi\/yhteystiedot-2\/","url":"https:\/\/metronmetal.ee\/fi\/yhteystiedot-2\/","name":"Yhteystiedot - Metron O\u00dc","isPartOf":{"@id":"https:\/\/metronmetal.ee\/fi\/#website"},"datePublished":"2017-02-01T09:26:07+00:00","dateModified":"2026-03-10T13:41:50+00:00","breadcrumb":{"@id":"https:\/\/metronmetal.ee\/fi\/yhteystiedot-2\/#breadcrumb"},"inLanguage":"fi","potentialAction":[{"@type":"ReadAction","target":["https:\/\/metronmetal.ee\/fi\/yhteystiedot-2\/"]}]},{"@type":"BreadcrumbList","@id":"https:\/\/metronmetal.ee\/fi\/yhteystiedot-2\/#breadcrumb","itemListElement":[{"@type":"ListItem","position":1,"name":"Home","item":"https:\/\/metronmetal.ee\/fi\/"},{"@type":"ListItem","position":2,"name":"Yhteystiedot"}]},{"@type":"WebSite","@id":"https:\/\/metronmetal.ee\/fi\/#website","url":"https:\/\/metronmetal.ee\/fi\/","name":"Metron O\u00dc","description":"Metron O\u00dc on spetsialiseerunud seadmekorpuste ja toruraamide tootmisele, pakkudes terviklikke metallit\u00f6\u00f6tluslahendusi \u2013 laserl\u00f5ikusest ja painutamisest kuni keevitamise ja viimistluseni.","publisher":{"@id":"https:\/\/metronmetal.ee\/fi\/#organization"},"potentialAction":[{"@type":"SearchAction","target":{"@type":"EntryPoint","urlTemplate":"https:\/\/metronmetal.ee\/fi\/?s={search_term_string}"},"query-input":{"@type":"PropertyValueSpecification","valueRequired":true,"valueName":"search_term_string"}}],"inLanguage":"fi"},{"@type":"Organization","@id":"https:\/\/metronmetal.ee\/fi\/#organization","name":"Metron Metal","url":"https:\/\/metronmetal.ee\/fi\/","logo":{"@type":"ImageObject","inLanguage":"fi","@id":"https:\/\/metronmetal.ee\/fi\/#\/schema\/logo\/image\/","url":"https:\/\/mlqn2jsiapsy.i.optimole.com\/cb:zu8E.12e\/w:auto\/h:auto\/q:mauto\/f:best\/https:\/\/metronmetal.ee\/wp-content\/uploads\/2024\/12\/Metron-logo_sinine1.jpg","contentUrl":"https:\/\/mlqn2jsiapsy.i.optimole.com\/cb:zu8E.12e\/w:auto\/h:auto\/q:mauto\/f:best\/https:\/\/metronmetal.ee\/wp-content\/uploads\/2024\/12\/Metron-logo_sinine1.jpg","width":1000,"height":500,"caption":"Metron Metal"},"image":{"@id":"https:\/\/metronmetal.ee\/fi\/#\/schema\/logo\/image\/"},"sameAs":["https:\/\/www.facebook.com\/MetronOU"]}]}},"_links":{"self":[{"href":"https:\/\/metronmetal.ee\/fi\/wp-json\/wp\/v2\/pages\/4286","targetHints":{"allow":["GET"]}}],"collection":[{"href":"https:\/\/metronmetal.ee\/fi\/wp-json\/wp\/v2\/pages"}],"about":[{"href":"https:\/\/metronmetal.ee\/fi\/wp-json\/wp\/v2\/types\/page"}],"author":[{"embeddable":true,"href":"https:\/\/metronmetal.ee\/fi\/wp-json\/wp\/v2\/users\/1"}],"replies":[{"embeddable":true,"href":"https:\/\/metronmetal.ee\/fi\/wp-json\/wp\/v2\/comments?post=4286"}],"version-history":[{"count":3,"href":"https:\/\/metronmetal.ee\/fi\/wp-json\/wp\/v2\/pages\/4286\/revisions"}],"predecessor-version":[{"id":5963,"href":"https:\/\/metronmetal.ee\/fi\/wp-json\/wp\/v2\/pages\/4286\/revisions\/5963"}],"wp:attachment":[{"href":"https:\/\/metronmetal.ee\/fi\/wp-json\/wp\/v2\/media?parent=4286"}],"curies":[{"name":"wp","href":"https:\/\/api.w.org\/{rel}","templated":true}]}}