{"id":4288,"date":"2017-02-01T11:34:37","date_gmt":"2017-02-01T09:34:37","guid":{"rendered":"https:\/\/metronmetal.ee\/meeskond\/"},"modified":"2026-02-20T09:04:05","modified_gmt":"2026-02-20T07:04:05","slug":"tiimimme","status":"publish","type":"page","link":"https:\/\/metronmetal.ee\/fi\/tiimimme\/","title":{"rendered":"TIIMIMME"},"content":{"rendered":"<div class=\"wpb-content-wrapper\"><p>[vc_row full_width=&#8221;stretch_row&#8221; row_type=&#8221;row_full_center_content&#8221; el_class=&#8221;core-projects&#8221; css=&#8221;.vc_custom_1634217995743{padding-top: 0px !important;padding-bottom: 20px !important;}&#8221;][vc_column][ind_custom_heading heading=&#8221;Meist\u00e4&#8221; colored_line=&#8221;yes&#8221;][vc_column_text css=&#8221;&#8221;]<\/p>\n<p class=\"none\">Metron O\u00dc erottuu kokeneen ja ammattitaitoisen henkil\u00f6st\u00f6ns\u00e4 ansiosta, joka varmistaa jokaisen projektin tarkkuuden ja laadun.<\/p>\n<p>[\/vc_column_text][\/vc_column][\/vc_row][vc_row el_class=&#8221;team-pad&#8221; css=&#8221;.vc_custom_1634218074978{margin-bottom: -75px !important;}&#8221;][vc_column offset=&#8221;vc_hidden-lg vc_hidden-md vc_hidden-sm vc_hidden-xs&#8221;][ind_team_listing number=&#8221;4&#8243; layout=&#8221;carousel&#8221; carousel_autoplay=&#8221;yes&#8221; column=&#8221;4&#8243;][\/vc_column][\/vc_row][vc_row][vc_column][\/vc_column][\/vc_row][vc_row][vc_column width=&#8221;1\/4&#8243;][vc_single_image image=&#8221;5781&#8243; img_size=&#8221;medium&#8221; onclick=&#8221;link_image&#8221; css_animation=&#8221;fadeIn&#8221; css=&#8221;&#8221;][vc_column_text css=&#8221;&#8221;]<\/p>\n<div style=\"background: #fff; padding: 15px 20px; display: flex; align-items: flex-start; box-shadow: 0 2px 6px rgba(0,0,0,0.1);\">\n<div style=\"width: 4px; height: 50px; background-color: #f9a825 !important; margin-right: 15px;\"><\/div>\n<div><strong style=\"font-size: 16px; color: #000;\">\u00dclari Sepp<\/strong><br \/>\n<span style=\"font-size: 14px; color: #999;\">Myynti, hallituksen j\u00e4sen<\/span><br \/>\n<a style=\"font-size: 13px; color: #999; text-decoration: none;\" href=\"tel:+3725291325\">+3725291325<\/a><\/div>\n<\/div>\n<p>[\/vc_column_text][\/vc_column][vc_column width=&#8221;1\/4&#8243;][vc_single_image image=&#8221;5796&#8243; img_size=&#8221;medium&#8221; onclick=&#8221;link_image&#8221; css_animation=&#8221;fadeIn&#8221; css=&#8221;&#8221;][vc_column_text css=&#8221;&#8221;]<\/p>\n<div style=\"background: #ffffff; padding: 15px 20px; display: flex; align-items: flex-start; box-shadow: 0 2px 6px rgba(0,0,0,0.1);\">\n<div style=\"width: 4px; height: 50px; background-color: #f9a825 !important; margin-right: 15px;\"><\/div>\n<div><strong style=\"font-size: 16px; color: #000;\">Urmas Virro<\/strong><br \/>\n<span style=\"font-size: 14px; color: #999;\">Tuotanto, hallituksen j\u00e4sen<\/span><br \/>\n<a style=\"font-size: 13px; color: #999; text-decoration: none;\" href=\"tel:+3725155400\">+372 515 5400<\/a><\/div>\n<\/div>\n<p>[\/vc_column_text][\/vc_column][vc_column width=&#8221;1\/4&#8243;][vc_single_image image=&#8221;5859&#8243; img_size=&#8221;medium&#8221; onclick=&#8221;link_image&#8221; css_animation=&#8221;fadeIn&#8221; css=&#8221;&#8221;][vc_column_text css=&#8221;&#8221;]<\/p>\n<div style=\"background: #ffffff; padding: 15px 20px; display: flex; align-items: flex-start; box-shadow: 0 2px 6px rgba(0,0,0,0.1);\">\n<div style=\"width: 4px; height: 50px; background-color: #f9a825 !important; margin-right: 15px;\"><\/div>\n<div><strong style=\"font-size: 16px; color: #000;\">Taie Kull<\/strong><br \/>\nMarkkinointi ja HR<br \/>\n<a style=\"font-size: 13px; color: #999; text-decoration: none;\" href=\"m&#97;&#x69;&#x6c;&#x74;o&#58;&#x74;&#x61;&#x69;e&#64;&#x6d;&#x65;&#x74;r&#111;&#x6e;&#x6d;&#x65;t&#97;&#x6c;&#x2e;&#x65;e\">&#x74;&#x61;&#x69;&#x65;&#x40;&#109;&#101;&#116;&#114;onm&#x65;&#x74;&#x61;&#x6c;&#x2e;&#x65;&#101;<\/a><\/div>\n<\/div>\n<p>[\/vc_column_text][\/vc_column][\/vc_row]<\/p>\n<\/div>","protected":false},"excerpt":{"rendered":"<p>[vc_row full_width=&#8221;stretch_row&#8221; row_type=&#8221;row_full_center_content&#8221; el_class=&#8221;core-projects&#8221; css=&#8221;.vc_custom_1634217995743{padding-top: 0px !important;padding-bottom: 20px !important;}&#8221;][vc_column][ind_custom_heading heading=&#8221;Meist\u00e4&#8221; colored_line=&#8221;yes&#8221;][vc_column_text css=&#8221;&#8221;] Metron O\u00dc erottuu kokeneen ja ammattitaitoisen henkil\u00f6st\u00f6ns\u00e4 ansiosta, joka &#8230;<\/p>\n","protected":false},"author":1,"featured_media":0,"parent":0,"menu_order":0,"comment_status":"closed","ping_status":"closed","template":"","meta":{"_themeisle_gutenberg_block_has_review":false,"footnotes":""},"class_list":["post-4288","page","type-page","status-publish","hentry"],"yoast_head":"<!-- This site is optimized with the Yoast SEO plugin v27.5 - https:\/\/yoast.com\/product\/yoast-seo-wordpress\/ -->\n<title>TIIMIMME - Metron O\u00dc<\/title>\n<meta name=\"robots\" content=\"index, follow, max-snippet:-1, max-image-preview:large, max-video-preview:-1\" \/>\n<link rel=\"canonical\" href=\"https:\/\/metronmetal.ee\/fi\/tiimimme\/\" \/>\n<meta property=\"og:locale\" content=\"fi_FI\" \/>\n<meta property=\"og:type\" content=\"article\" \/>\n<meta property=\"og:title\" content=\"TIIMIMME - Metron O\u00dc\" \/>\n<meta property=\"og:description\" content=\"[vc_row full_width=&#8221;stretch_row&#8221; row_type=&#8221;row_full_center_content&#8221; el_class=&#8221;core-projects&#8221; css=&#8221;.vc_custom_1634217995743{padding-top: 0px !important;padding-bottom: 20px !important;}&#8221;][vc_column][ind_custom_heading heading=&#8221;Meist\u00e4&#8221; colored_line=&#8221;yes&#8221;][vc_column_text css=&#8221;&#8221;] Metron O\u00dc erottuu kokeneen ja ammattitaitoisen henkil\u00f6st\u00f6ns\u00e4 ansiosta, joka ...\" \/>\n<meta property=\"og:url\" content=\"https:\/\/metronmetal.ee\/fi\/tiimimme\/\" \/>\n<meta property=\"og:site_name\" content=\"Metron O\u00dc\" \/>\n<meta property=\"article:publisher\" content=\"https:\/\/www.facebook.com\/MetronOU\" \/>\n<meta property=\"article:modified_time\" content=\"2026-02-20T07:04:05+00:00\" \/>\n<meta name=\"twitter:card\" content=\"summary_large_image\" \/>\n<meta name=\"twitter:label1\" content=\"Arvioitu lukuaika\" \/>\n\t<meta name=\"twitter:data1\" content=\"1 minuutti\" \/>\n<script type=\"application\/ld+json\" class=\"yoast-schema-graph\">{\"@context\":\"https:\\\/\\\/schema.org\",\"@graph\":[{\"@type\":\"WebPage\",\"@id\":\"https:\\\/\\\/metronmetal.ee\\\/fi\\\/tiimimme\\\/\",\"url\":\"https:\\\/\\\/metronmetal.ee\\\/fi\\\/tiimimme\\\/\",\"name\":\"TIIMIMME - Metron O\u00dc\",\"isPartOf\":{\"@id\":\"https:\\\/\\\/metronmetal.ee\\\/fi\\\/#website\"},\"datePublished\":\"2017-02-01T09:34:37+00:00\",\"dateModified\":\"2026-02-20T07:04:05+00:00\",\"breadcrumb\":{\"@id\":\"https:\\\/\\\/metronmetal.ee\\\/fi\\\/tiimimme\\\/#breadcrumb\"},\"inLanguage\":\"fi\",\"potentialAction\":[{\"@type\":\"ReadAction\",\"target\":[\"https:\\\/\\\/metronmetal.ee\\\/fi\\\/tiimimme\\\/\"]}]},{\"@type\":\"BreadcrumbList\",\"@id\":\"https:\\\/\\\/metronmetal.ee\\\/fi\\\/tiimimme\\\/#breadcrumb\",\"itemListElement\":[{\"@type\":\"ListItem\",\"position\":1,\"name\":\"Home\",\"item\":\"https:\\\/\\\/metronmetal.ee\\\/fi\\\/\"},{\"@type\":\"ListItem\",\"position\":2,\"name\":\"TIIMIMME\"}]},{\"@type\":\"WebSite\",\"@id\":\"https:\\\/\\\/metronmetal.ee\\\/fi\\\/#website\",\"url\":\"https:\\\/\\\/metronmetal.ee\\\/fi\\\/\",\"name\":\"Metron O\u00dc\",\"description\":\"Metron O\u00dc on spetsialiseerunud seadmekorpuste ja toruraamide tootmisele, pakkudes terviklikke metallit\u00f6\u00f6tluslahendusi \u2013 laserl\u00f5ikusest ja painutamisest kuni keevitamise ja viimistluseni.\",\"publisher\":{\"@id\":\"https:\\\/\\\/metronmetal.ee\\\/fi\\\/#organization\"},\"potentialAction\":[{\"@type\":\"SearchAction\",\"target\":{\"@type\":\"EntryPoint\",\"urlTemplate\":\"https:\\\/\\\/metronmetal.ee\\\/fi\\\/?s={search_term_string}\"},\"query-input\":{\"@type\":\"PropertyValueSpecification\",\"valueRequired\":true,\"valueName\":\"search_term_string\"}}],\"inLanguage\":\"fi\"},{\"@type\":\"Organization\",\"@id\":\"https:\\\/\\\/metronmetal.ee\\\/fi\\\/#organization\",\"name\":\"Metron Metal\",\"url\":\"https:\\\/\\\/metronmetal.ee\\\/fi\\\/\",\"logo\":{\"@type\":\"ImageObject\",\"inLanguage\":\"fi\",\"@id\":\"https:\\\/\\\/metronmetal.ee\\\/fi\\\/#\\\/schema\\\/logo\\\/image\\\/\",\"url\":\"https:\\/\\/metronmetal.ee\\/wp-content\\/uploads\\/2024\\/12\\/Metron-logo_sinine1.jpg\",\"contentUrl\":\"https:\\/\\/metronmetal.ee\\/wp-content\\/uploads\\/2024\\/12\\/Metron-logo_sinine1.jpg\",\"width\":1000,\"height\":500,\"caption\":\"Metron Metal\"},\"image\":{\"@id\":\"https:\\\/\\\/metronmetal.ee\\\/fi\\\/#\\\/schema\\\/logo\\\/image\\\/\"},\"sameAs\":[\"https:\\\/\\\/www.facebook.com\\\/MetronOU\"]}]}<\/script>\n<!-- \/ Yoast SEO plugin. -->","yoast_head_json":{"title":"TIIMIMME - Metron O\u00dc","robots":{"index":"index","follow":"follow","max-snippet":"max-snippet:-1","max-image-preview":"max-image-preview:large","max-video-preview":"max-video-preview:-1"},"canonical":"https:\/\/metronmetal.ee\/fi\/tiimimme\/","og_locale":"fi_FI","og_type":"article","og_title":"TIIMIMME - Metron O\u00dc","og_description":"[vc_row full_width=&#8221;stretch_row&#8221; row_type=&#8221;row_full_center_content&#8221; el_class=&#8221;core-projects&#8221; css=&#8221;.vc_custom_1634217995743{padding-top: 0px !important;padding-bottom: 20px !important;}&#8221;][vc_column][ind_custom_heading heading=&#8221;Meist\u00e4&#8221; colored_line=&#8221;yes&#8221;][vc_column_text css=&#8221;&#8221;] Metron O\u00dc erottuu kokeneen ja ammattitaitoisen henkil\u00f6st\u00f6ns\u00e4 ansiosta, joka ...","og_url":"https:\/\/metronmetal.ee\/fi\/tiimimme\/","og_site_name":"Metron O\u00dc","article_publisher":"https:\/\/www.facebook.com\/MetronOU","article_modified_time":"2026-02-20T07:04:05+00:00","twitter_card":"summary_large_image","twitter_misc":{"Arvioitu lukuaika":"1 minuutti"},"schema":{"@context":"https:\/\/schema.org","@graph":[{"@type":"WebPage","@id":"https:\/\/metronmetal.ee\/fi\/tiimimme\/","url":"https:\/\/metronmetal.ee\/fi\/tiimimme\/","name":"TIIMIMME - Metron O\u00dc","isPartOf":{"@id":"https:\/\/metronmetal.ee\/fi\/#website"},"datePublished":"2017-02-01T09:34:37+00:00","dateModified":"2026-02-20T07:04:05+00:00","breadcrumb":{"@id":"https:\/\/metronmetal.ee\/fi\/tiimimme\/#breadcrumb"},"inLanguage":"fi","potentialAction":[{"@type":"ReadAction","target":["https:\/\/metronmetal.ee\/fi\/tiimimme\/"]}]},{"@type":"BreadcrumbList","@id":"https:\/\/metronmetal.ee\/fi\/tiimimme\/#breadcrumb","itemListElement":[{"@type":"ListItem","position":1,"name":"Home","item":"https:\/\/metronmetal.ee\/fi\/"},{"@type":"ListItem","position":2,"name":"TIIMIMME"}]},{"@type":"WebSite","@id":"https:\/\/metronmetal.ee\/fi\/#website","url":"https:\/\/metronmetal.ee\/fi\/","name":"Metron O\u00dc","description":"Metron O\u00dc on spetsialiseerunud seadmekorpuste ja toruraamide tootmisele, pakkudes terviklikke metallit\u00f6\u00f6tluslahendusi \u2013 laserl\u00f5ikusest ja painutamisest kuni keevitamise ja viimistluseni.","publisher":{"@id":"https:\/\/metronmetal.ee\/fi\/#organization"},"potentialAction":[{"@type":"SearchAction","target":{"@type":"EntryPoint","urlTemplate":"https:\/\/metronmetal.ee\/fi\/?s={search_term_string}"},"query-input":{"@type":"PropertyValueSpecification","valueRequired":true,"valueName":"search_term_string"}}],"inLanguage":"fi"},{"@type":"Organization","@id":"https:\/\/metronmetal.ee\/fi\/#organization","name":"Metron Metal","url":"https:\/\/metronmetal.ee\/fi\/","logo":{"@type":"ImageObject","inLanguage":"fi","@id":"https:\/\/metronmetal.ee\/fi\/#\/schema\/logo\/image\/","url":"https:\/\/mlqn2jsiapsy.i.optimole.com\/cb:zu8E.12e\/w:auto\/h:auto\/q:mauto\/f:best\/https:\/\/metronmetal.ee\/wp-content\/uploads\/2024\/12\/Metron-logo_sinine1.jpg","contentUrl":"https:\/\/mlqn2jsiapsy.i.optimole.com\/cb:zu8E.12e\/w:auto\/h:auto\/q:mauto\/f:best\/https:\/\/metronmetal.ee\/wp-content\/uploads\/2024\/12\/Metron-logo_sinine1.jpg","width":1000,"height":500,"caption":"Metron Metal"},"image":{"@id":"https:\/\/metronmetal.ee\/fi\/#\/schema\/logo\/image\/"},"sameAs":["https:\/\/www.facebook.com\/MetronOU"]}]}},"_links":{"self":[{"href":"https:\/\/metronmetal.ee\/fi\/wp-json\/wp\/v2\/pages\/4288","targetHints":{"allow":["GET"]}}],"collection":[{"href":"https:\/\/metronmetal.ee\/fi\/wp-json\/wp\/v2\/pages"}],"about":[{"href":"https:\/\/metronmetal.ee\/fi\/wp-json\/wp\/v2\/types\/page"}],"author":[{"embeddable":true,"href":"https:\/\/metronmetal.ee\/fi\/wp-json\/wp\/v2\/users\/1"}],"replies":[{"embeddable":true,"href":"https:\/\/metronmetal.ee\/fi\/wp-json\/wp\/v2\/comments?post=4288"}],"version-history":[{"count":5,"href":"https:\/\/metronmetal.ee\/fi\/wp-json\/wp\/v2\/pages\/4288\/revisions"}],"predecessor-version":[{"id":5945,"href":"https:\/\/metronmetal.ee\/fi\/wp-json\/wp\/v2\/pages\/4288\/revisions\/5945"}],"wp:attachment":[{"href":"https:\/\/metronmetal.ee\/fi\/wp-json\/wp\/v2\/media?parent=4288"}],"curies":[{"name":"wp","href":"https:\/\/api.w.org\/{rel}","templated":true}]}}