{"id":4294,"date":"2025-01-15T17:43:38","date_gmt":"2025-01-15T15:43:38","guid":{"rendered":"https:\/\/metronmetal.ee\/tule-toole\/"},"modified":"2025-02-08T18:59:13","modified_gmt":"2025-02-08T16:59:13","slug":"liity-tiimiimme","status":"publish","type":"page","link":"https:\/\/metronmetal.ee\/fi\/liity-tiimiimme\/","title":{"rendered":"Liity tiimiimme"},"content":{"rendered":"<div class=\"wpb-content-wrapper\"><p>[vc_row css_animation=&#8221;fadeInDown&#8221; css=&#8221;.vc_custom_1737367756178{background-color: #F7F8FA !important;}&#8221;][vc_column css=&#8221;.vc_custom_1737367786895{background-color: #F7F8FA !important;}&#8221;][vc_column_text css=&#8221;&#8221;]<\/p>\n<h3 style=\"text-align: left;\"><span style=\"color: #000000;\">METRON O\u00dc ARVOSTAA IHMISI\u00c4 JA AMMATTITAITOA!<\/span><\/h3>\n<p>&nbsp;<\/p>\n<p><img data-opt-id=70183864  fetchpriority=\"high\" decoding=\"async\" class=\"alignleft wp-image-3828 size-full\" src=\"https:\/\/mlqn2jsiapsy.i.optimole.com\/cb:zu8E.12e\/w:auto\/h:auto\/q:mauto\/f:best\/https:\/\/metronmetal.ee\/wp-content\/uploads\/2025\/01\/ebdaa0d1-cfcd-4338-86ec-14309a95bff0.jpg\" alt=\"\" width=\"6016\" height=\"2134\" srcset=\"https:\/\/mlqn2jsiapsy.i.optimole.com\/cb:zu8E.12e\/w:1920\/h:681\/q:mauto\/f:best\/https:\/\/metronmetal.ee\/wp-content\/uploads\/2025\/01\/ebdaa0d1-cfcd-4338-86ec-14309a95bff0.jpg 6016w, https:\/\/mlqn2jsiapsy.i.optimole.com\/cb:zu8E.12e\/w:300\/h:106\/q:mauto\/f:best\/https:\/\/metronmetal.ee\/wp-content\/uploads\/2025\/01\/ebdaa0d1-cfcd-4338-86ec-14309a95bff0.jpg 300w, https:\/\/mlqn2jsiapsy.i.optimole.com\/cb:zu8E.12e\/w:1030\/h:365\/q:mauto\/f:best\/https:\/\/metronmetal.ee\/wp-content\/uploads\/2025\/01\/ebdaa0d1-cfcd-4338-86ec-14309a95bff0.jpg 1030w, https:\/\/mlqn2jsiapsy.i.optimole.com\/cb:zu8E.12e\/w:768\/h:272\/q:mauto\/f:best\/https:\/\/metronmetal.ee\/wp-content\/uploads\/2025\/01\/ebdaa0d1-cfcd-4338-86ec-14309a95bff0.jpg 768w, https:\/\/mlqn2jsiapsy.i.optimole.com\/cb:zu8E.12e\/w:1536\/h:545\/q:mauto\/f:best\/https:\/\/metronmetal.ee\/wp-content\/uploads\/2025\/01\/ebdaa0d1-cfcd-4338-86ec-14309a95bff0.jpg 1536w, https:\/\/mlqn2jsiapsy.i.optimole.com\/cb:zu8E.12e\/w:1920\/h:680\/q:mauto\/f:best\/https:\/\/metronmetal.ee\/wp-content\/uploads\/2025\/01\/ebdaa0d1-cfcd-4338-86ec-14309a95bff0.jpg 2048w, https:\/\/mlqn2jsiapsy.i.optimole.com\/cb:zu8E.12e\/w:600\/h:213\/q:mauto\/f:best\/https:\/\/metronmetal.ee\/wp-content\/uploads\/2025\/01\/ebdaa0d1-cfcd-4338-86ec-14309a95bff0.jpg 600w, https:\/\/mlqn2jsiapsy.i.optimole.com\/cb:zu8E.12e\/w:1920\/h:681\/q:mauto\/f:best\/dpr:2\/https:\/\/metronmetal.ee\/wp-content\/uploads\/2025\/01\/ebdaa0d1-cfcd-4338-86ec-14309a95bff0.jpg 2x\" sizes=\"(max-width: 800px) 100vw, 800px\" \/><\/p>\n<p>&nbsp;<\/p>\n<p>&nbsp;<\/p>\n<p>Menestyksemme perustuu kokeneeseen ja omistautuneeseen tiimiin, joka takaa korkealaatuisen ty\u00f6n ja luotettavat ratkaisut.<\/p>\n<p>Jos olet oman alasi asiantuntija tai haluat kasvaa nopeasti kehittyv\u00e4ss\u00e4 yrityksess\u00e4, odotamme sinua tiimiimme!<\/p>\n<p>&nbsp;<\/p>\n<h3><strong>Ket\u00e4 etsimme?<\/strong><\/h3>\n<ul>\n<li>Kokeneita metallity\u00f6n ammattilaisia, hitsaajia, taivuttajia ja kokoonpanijoita,<\/li>\n<li>Teknisesti taitavia asiantuntijoita, jotka jakavat sitoutumisemme laatuun,<\/li>\n<li>Innovatiivisia ihmisi\u00e4, jotka haluavat kehitty\u00e4 ja kasvaa kanssamme.<\/li>\n<\/ul>\n<p>&nbsp;<\/p>\n<p>Jos sopivaa ty\u00f6paikkaa ei t\u00e4ll\u00e4 hetkell\u00e4 ole tarjolla, voit aina l\u00e4hett\u00e4\u00e4 meille CV:si. Kirjoita lyhyesti taidoistasi, kokemuksestasi ja odotuksistasi, niin otamme sinuun yhteytt\u00e4, kun sopiva tilaisuus avautuu.<\/p>\n<p>&nbsp;<\/p>\n<p><b>Yhteystiedot:<\/b><br \/>\nL\u00e4het\u00e4 CV:si tai lyhyt esittely osoitteeseen <strong><a rel=\"noopener\">info&#64;&#109;&#101;&#116;&#114;&#111;&#110;&#x6d;&#x65;&#x74;&#x61;&#x6c;&#x2e;&#x65;&#x65;<\/a><\/strong> tai t\u00e4yt\u00e4 verkkolomakkeemme.[\/vc_column_text][\/vc_column][\/vc_row][vc_row][vc_column css=&#8221;.vc_custom_1737188889760{margin-top: 20px !important;}&#8221;]\n<div class=\"wpcf7 no-js\" id=\"wpcf7-f4322-o1\" lang=\"fi\" dir=\"ltr\" data-wpcf7-id=\"4322\">\n<div class=\"screen-reader-response\"><p role=\"status\" aria-live=\"polite\" aria-atomic=\"true\"><\/p> <ul><\/ul><\/div>\n<form action=\"\/fi\/wp-json\/wp\/v2\/pages\/4294#wpcf7-f4322-o1\" method=\"post\" class=\"wpcf7-form init\" aria-label=\"Yhteydenottolomake\" novalidate=\"novalidate\" data-status=\"init\">\n<fieldset class=\"hidden-fields-container\"><input type=\"hidden\" name=\"_wpcf7\" value=\"4322\" \/><input type=\"hidden\" name=\"_wpcf7_version\" value=\"6.1.5\" \/><input type=\"hidden\" name=\"_wpcf7_locale\" value=\"fi\" \/><input type=\"hidden\" name=\"_wpcf7_unit_tag\" value=\"wpcf7-f4322-o1\" \/><input type=\"hidden\" name=\"_wpcf7_container_post\" value=\"0\" \/><input type=\"hidden\" name=\"_wpcf7_posted_data_hash\" value=\"\" \/>\n<\/fieldset>\n<p><label> Nimi (n\u00f5utav)<br \/>\n<span class=\"wpcf7-form-control-wrap\" data-name=\"your-name\"><input size=\"40\" maxlength=\"400\" class=\"wpcf7-form-control wpcf7-text wpcf7-validates-as-required\" aria-required=\"true\" aria-invalid=\"false\" value=\"\" type=\"text\" name=\"your-name\" \/><\/span> <\/label>\n<\/p>\n<p><label> Email (n\u00f5utav)<br \/>\n<span class=\"wpcf7-form-control-wrap\" data-name=\"your-email\"><input size=\"40\" maxlength=\"400\" class=\"wpcf7-form-control wpcf7-email wpcf7-validates-as-required wpcf7-text wpcf7-validates-as-email\" aria-required=\"true\" aria-invalid=\"false\" value=\"\" type=\"email\" name=\"your-email\" \/><\/span> <\/label>\n<\/p>\n<p><label> Teema<br \/>\n<span class=\"wpcf7-form-control-wrap\" data-name=\"your-subject\"><input size=\"40\" maxlength=\"400\" class=\"wpcf7-form-control wpcf7-text\" aria-invalid=\"false\" value=\"\" type=\"text\" name=\"your-subject\" \/><\/span> <\/label>\n<\/p>\n<p><label> Teade<br \/>\n<span class=\"wpcf7-form-control-wrap\" data-name=\"your-message\"><textarea cols=\"40\" rows=\"10\" maxlength=\"2000\" class=\"wpcf7-form-control wpcf7-textarea\" aria-invalid=\"false\" name=\"your-message\"><\/textarea><\/span> <\/label>\n<\/p>\n<p><input class=\"wpcf7-form-control wpcf7-submit has-spinner\" type=\"submit\" value=\"Saada\" \/>\n<\/p><div class=\"wpcf7-response-output\" aria-hidden=\"true\"><\/div>\n<\/form>\n<\/div>\n[\/vc_column][\/vc_row][vc_row][vc_column][vc_media_grid style=&#8221;lazy&#8221; gap=&#8221;10&#8243; css=&#8221;&#8221; initial_loading_animation=&#8221;fadeInDown&#8221; grid_id=&#8221;vc_gid:1739033744580-74d6f26b-338e-7&#8243; include=&#8221;3827,3824,3818,3815,3809,3836&#8243;][\/vc_column][\/vc_row]<\/p>\n<\/div>","protected":false},"excerpt":{"rendered":"<p>[vc_row css_animation=&#8221;fadeInDown&#8221; css=&#8221;.vc_custom_1737367756178{background-color: #F7F8FA !important;}&#8221;][vc_column css=&#8221;.vc_custom_1737367786895{background-color: #F7F8FA !important;}&#8221;][vc_column_text css=&#8221;&#8221;] METRON O\u00dc ARVOSTAA IHMISI\u00c4 JA AMMATTITAITOA! &nbsp; &nbsp; &nbsp; Menestyksemme perustuu kokeneeseen &#8230;<\/p>\n","protected":false},"author":3,"featured_media":0,"parent":0,"menu_order":0,"comment_status":"closed","ping_status":"closed","template":"","meta":{"_themeisle_gutenberg_block_has_review":false,"footnotes":""},"class_list":["post-4294","page","type-page","status-publish","hentry"],"yoast_head":"<!-- This site is optimized with the Yoast SEO plugin v27.4 - https:\/\/yoast.com\/product\/yoast-seo-wordpress\/ -->\n<title>Liity tiimiimme - Metron O\u00dc<\/title>\n<meta name=\"robots\" content=\"index, follow, max-snippet:-1, max-image-preview:large, max-video-preview:-1\" \/>\n<link rel=\"canonical\" href=\"https:\/\/metronmetal.ee\/fi\/liity-tiimiimme\/\" \/>\n<meta property=\"og:locale\" content=\"fi_FI\" \/>\n<meta property=\"og:type\" content=\"article\" \/>\n<meta property=\"og:title\" content=\"Liity tiimiimme - Metron O\u00dc\" \/>\n<meta property=\"og:description\" content=\"[vc_row css_animation=&#8221;fadeInDown&#8221; css=&#8221;.vc_custom_1737367756178{background-color: #F7F8FA !important;}&#8221;][vc_column css=&#8221;.vc_custom_1737367786895{background-color: #F7F8FA !important;}&#8221;][vc_column_text css=&#8221;&#8221;] METRON O\u00dc ARVOSTAA IHMISI\u00c4 JA AMMATTITAITOA! &nbsp; &nbsp; &nbsp; Menestyksemme perustuu kokeneeseen ...\" \/>\n<meta property=\"og:url\" content=\"https:\/\/metronmetal.ee\/fi\/liity-tiimiimme\/\" \/>\n<meta property=\"og:site_name\" content=\"Metron O\u00dc\" \/>\n<meta property=\"article:publisher\" content=\"https:\/\/www.facebook.com\/MetronOU\" \/>\n<meta property=\"article:modified_time\" content=\"2025-02-08T16:59:13+00:00\" \/>\n<meta property=\"og:image\" content=\"https:\/\/mlqn2jsiapsy.i.optimole.com\/cb:zu8E.12e\/w:1030\/h:365\/q:mauto\/f:best\/https:\/\/metronmetal.ee\/wp-content\/uploads\/2025\/01\/ebdaa0d1-cfcd-4338-86ec-14309a95bff0.jpg\" \/>\n\t<meta property=\"og:image:width\" content=\"1030\" \/>\n\t<meta property=\"og:image:height\" content=\"365\" \/>\n\t<meta property=\"og:image:type\" content=\"image\/jpeg\" \/>\n<meta name=\"twitter:card\" content=\"summary_large_image\" \/>\n<meta name=\"twitter:label1\" content=\"Arvioitu lukuaika\" \/>\n\t<meta name=\"twitter:data1\" content=\"3 minuuttia\" \/>\n<script type=\"application\/ld+json\" class=\"yoast-schema-graph\">{\"@context\":\"https:\\\/\\\/schema.org\",\"@graph\":[{\"@type\":\"WebPage\",\"@id\":\"https:\\\/\\\/metronmetal.ee\\\/fi\\\/liity-tiimiimme\\\/\",\"url\":\"https:\\\/\\\/metronmetal.ee\\\/fi\\\/liity-tiimiimme\\\/\",\"name\":\"Liity tiimiimme - Metron O\u00dc\",\"isPartOf\":{\"@id\":\"https:\\\/\\\/metronmetal.ee\\\/fi\\\/#website\"},\"primaryImageOfPage\":{\"@id\":\"https:\\\/\\\/metronmetal.ee\\\/fi\\\/liity-tiimiimme\\\/#primaryimage\"},\"image\":{\"@id\":\"https:\\\/\\\/metronmetal.ee\\\/fi\\\/liity-tiimiimme\\\/#primaryimage\"},\"thumbnailUrl\":\"https:\\/\\/metronmetal.ee\\/wp-content\\/uploads\\/2025\\/01\\/ebdaa0d1-cfcd-4338-86ec-14309a95bff0.jpg\",\"datePublished\":\"2025-01-15T15:43:38+00:00\",\"dateModified\":\"2025-02-08T16:59:13+00:00\",\"breadcrumb\":{\"@id\":\"https:\\\/\\\/metronmetal.ee\\\/fi\\\/liity-tiimiimme\\\/#breadcrumb\"},\"inLanguage\":\"fi\",\"potentialAction\":[{\"@type\":\"ReadAction\",\"target\":[\"https:\\\/\\\/metronmetal.ee\\\/fi\\\/liity-tiimiimme\\\/\"]}]},{\"@type\":\"ImageObject\",\"inLanguage\":\"fi\",\"@id\":\"https:\\\/\\\/metronmetal.ee\\\/fi\\\/liity-tiimiimme\\\/#primaryimage\",\"url\":\"https:\\/\\/metronmetal.ee\\/wp-content\\/uploads\\/2025\\/01\\/ebdaa0d1-cfcd-4338-86ec-14309a95bff0.jpg\",\"contentUrl\":\"https:\\/\\/metronmetal.ee\\/wp-content\\/uploads\\/2025\\/01\\/ebdaa0d1-cfcd-4338-86ec-14309a95bff0.jpg\"},{\"@type\":\"BreadcrumbList\",\"@id\":\"https:\\\/\\\/metronmetal.ee\\\/fi\\\/liity-tiimiimme\\\/#breadcrumb\",\"itemListElement\":[{\"@type\":\"ListItem\",\"position\":1,\"name\":\"Home\",\"item\":\"https:\\\/\\\/metronmetal.ee\\\/fi\\\/\"},{\"@type\":\"ListItem\",\"position\":2,\"name\":\"Liity tiimiimme\"}]},{\"@type\":\"WebSite\",\"@id\":\"https:\\\/\\\/metronmetal.ee\\\/fi\\\/#website\",\"url\":\"https:\\\/\\\/metronmetal.ee\\\/fi\\\/\",\"name\":\"Metron O\u00dc\",\"description\":\"Metron O\u00dc on spetsialiseerunud seadmekorpuste ja toruraamide tootmisele, pakkudes terviklikke metallit\u00f6\u00f6tluslahendusi \u2013 laserl\u00f5ikusest ja painutamisest kuni keevitamise ja viimistluseni.\",\"publisher\":{\"@id\":\"https:\\\/\\\/metronmetal.ee\\\/fi\\\/#organization\"},\"potentialAction\":[{\"@type\":\"SearchAction\",\"target\":{\"@type\":\"EntryPoint\",\"urlTemplate\":\"https:\\\/\\\/metronmetal.ee\\\/fi\\\/?s={search_term_string}\"},\"query-input\":{\"@type\":\"PropertyValueSpecification\",\"valueRequired\":true,\"valueName\":\"search_term_string\"}}],\"inLanguage\":\"fi\"},{\"@type\":\"Organization\",\"@id\":\"https:\\\/\\\/metronmetal.ee\\\/fi\\\/#organization\",\"name\":\"Metron Metal\",\"url\":\"https:\\\/\\\/metronmetal.ee\\\/fi\\\/\",\"logo\":{\"@type\":\"ImageObject\",\"inLanguage\":\"fi\",\"@id\":\"https:\\\/\\\/metronmetal.ee\\\/fi\\\/#\\\/schema\\\/logo\\\/image\\\/\",\"url\":\"https:\\/\\/metronmetal.ee\\/wp-content\\/uploads\\/2024\\/12\\/Metron-logo_sinine1.jpg\",\"contentUrl\":\"https:\\/\\/metronmetal.ee\\/wp-content\\/uploads\\/2024\\/12\\/Metron-logo_sinine1.jpg\",\"width\":1000,\"height\":500,\"caption\":\"Metron Metal\"},\"image\":{\"@id\":\"https:\\\/\\\/metronmetal.ee\\\/fi\\\/#\\\/schema\\\/logo\\\/image\\\/\"},\"sameAs\":[\"https:\\\/\\\/www.facebook.com\\\/MetronOU\"]}]}<\/script>\n<!-- \/ Yoast SEO plugin. -->","yoast_head_json":{"title":"Liity tiimiimme - Metron O\u00dc","robots":{"index":"index","follow":"follow","max-snippet":"max-snippet:-1","max-image-preview":"max-image-preview:large","max-video-preview":"max-video-preview:-1"},"canonical":"https:\/\/metronmetal.ee\/fi\/liity-tiimiimme\/","og_locale":"fi_FI","og_type":"article","og_title":"Liity tiimiimme - Metron O\u00dc","og_description":"[vc_row css_animation=&#8221;fadeInDown&#8221; css=&#8221;.vc_custom_1737367756178{background-color: #F7F8FA !important;}&#8221;][vc_column css=&#8221;.vc_custom_1737367786895{background-color: #F7F8FA !important;}&#8221;][vc_column_text css=&#8221;&#8221;] METRON O\u00dc ARVOSTAA IHMISI\u00c4 JA AMMATTITAITOA! &nbsp; &nbsp; &nbsp; Menestyksemme perustuu kokeneeseen ...","og_url":"https:\/\/metronmetal.ee\/fi\/liity-tiimiimme\/","og_site_name":"Metron O\u00dc","article_publisher":"https:\/\/www.facebook.com\/MetronOU","article_modified_time":"2025-02-08T16:59:13+00:00","og_image":[{"width":1030,"height":365,"url":"https:\/\/mlqn2jsiapsy.i.optimole.com\/cb:zu8E.12e\/w:1030\/h:365\/q:mauto\/f:best\/https:\/\/metronmetal.ee\/wp-content\/uploads\/2025\/01\/ebdaa0d1-cfcd-4338-86ec-14309a95bff0.jpg","type":"image\/jpeg"}],"twitter_card":"summary_large_image","twitter_misc":{"Arvioitu lukuaika":"3 minuuttia"},"schema":{"@context":"https:\/\/schema.org","@graph":[{"@type":"WebPage","@id":"https:\/\/metronmetal.ee\/fi\/liity-tiimiimme\/","url":"https:\/\/metronmetal.ee\/fi\/liity-tiimiimme\/","name":"Liity tiimiimme - Metron O\u00dc","isPartOf":{"@id":"https:\/\/metronmetal.ee\/fi\/#website"},"primaryImageOfPage":{"@id":"https:\/\/metronmetal.ee\/fi\/liity-tiimiimme\/#primaryimage"},"image":{"@id":"https:\/\/metronmetal.ee\/fi\/liity-tiimiimme\/#primaryimage"},"thumbnailUrl":"https:\/\/mlqn2jsiapsy.i.optimole.com\/cb:zu8E.12e\/w:auto\/h:auto\/q:mauto\/f:best\/https:\/\/metronmetal.ee\/wp-content\/uploads\/2025\/01\/ebdaa0d1-cfcd-4338-86ec-14309a95bff0.jpg","datePublished":"2025-01-15T15:43:38+00:00","dateModified":"2025-02-08T16:59:13+00:00","breadcrumb":{"@id":"https:\/\/metronmetal.ee\/fi\/liity-tiimiimme\/#breadcrumb"},"inLanguage":"fi","potentialAction":[{"@type":"ReadAction","target":["https:\/\/metronmetal.ee\/fi\/liity-tiimiimme\/"]}]},{"@type":"ImageObject","inLanguage":"fi","@id":"https:\/\/metronmetal.ee\/fi\/liity-tiimiimme\/#primaryimage","url":"https:\/\/mlqn2jsiapsy.i.optimole.com\/cb:zu8E.12e\/w:auto\/h:auto\/q:mauto\/f:best\/https:\/\/metronmetal.ee\/wp-content\/uploads\/2025\/01\/ebdaa0d1-cfcd-4338-86ec-14309a95bff0.jpg","contentUrl":"https:\/\/mlqn2jsiapsy.i.optimole.com\/cb:zu8E.12e\/w:auto\/h:auto\/q:mauto\/f:best\/https:\/\/metronmetal.ee\/wp-content\/uploads\/2025\/01\/ebdaa0d1-cfcd-4338-86ec-14309a95bff0.jpg"},{"@type":"BreadcrumbList","@id":"https:\/\/metronmetal.ee\/fi\/liity-tiimiimme\/#breadcrumb","itemListElement":[{"@type":"ListItem","position":1,"name":"Home","item":"https:\/\/metronmetal.ee\/fi\/"},{"@type":"ListItem","position":2,"name":"Liity tiimiimme"}]},{"@type":"WebSite","@id":"https:\/\/metronmetal.ee\/fi\/#website","url":"https:\/\/metronmetal.ee\/fi\/","name":"Metron O\u00dc","description":"Metron O\u00dc on spetsialiseerunud seadmekorpuste ja toruraamide tootmisele, pakkudes terviklikke metallit\u00f6\u00f6tluslahendusi \u2013 laserl\u00f5ikusest ja painutamisest kuni keevitamise ja viimistluseni.","publisher":{"@id":"https:\/\/metronmetal.ee\/fi\/#organization"},"potentialAction":[{"@type":"SearchAction","target":{"@type":"EntryPoint","urlTemplate":"https:\/\/metronmetal.ee\/fi\/?s={search_term_string}"},"query-input":{"@type":"PropertyValueSpecification","valueRequired":true,"valueName":"search_term_string"}}],"inLanguage":"fi"},{"@type":"Organization","@id":"https:\/\/metronmetal.ee\/fi\/#organization","name":"Metron Metal","url":"https:\/\/metronmetal.ee\/fi\/","logo":{"@type":"ImageObject","inLanguage":"fi","@id":"https:\/\/metronmetal.ee\/fi\/#\/schema\/logo\/image\/","url":"https:\/\/mlqn2jsiapsy.i.optimole.com\/cb:zu8E.12e\/w:auto\/h:auto\/q:mauto\/f:best\/https:\/\/metronmetal.ee\/wp-content\/uploads\/2024\/12\/Metron-logo_sinine1.jpg","contentUrl":"https:\/\/mlqn2jsiapsy.i.optimole.com\/cb:zu8E.12e\/w:auto\/h:auto\/q:mauto\/f:best\/https:\/\/metronmetal.ee\/wp-content\/uploads\/2024\/12\/Metron-logo_sinine1.jpg","width":1000,"height":500,"caption":"Metron Metal"},"image":{"@id":"https:\/\/metronmetal.ee\/fi\/#\/schema\/logo\/image\/"},"sameAs":["https:\/\/www.facebook.com\/MetronOU"]}]}},"_links":{"self":[{"href":"https:\/\/metronmetal.ee\/fi\/wp-json\/wp\/v2\/pages\/4294","targetHints":{"allow":["GET"]}}],"collection":[{"href":"https:\/\/metronmetal.ee\/fi\/wp-json\/wp\/v2\/pages"}],"about":[{"href":"https:\/\/metronmetal.ee\/fi\/wp-json\/wp\/v2\/types\/page"}],"author":[{"embeddable":true,"href":"https:\/\/metronmetal.ee\/fi\/wp-json\/wp\/v2\/users\/3"}],"replies":[{"embeddable":true,"href":"https:\/\/metronmetal.ee\/fi\/wp-json\/wp\/v2\/comments?post=4294"}],"version-history":[{"count":0,"href":"https:\/\/metronmetal.ee\/fi\/wp-json\/wp\/v2\/pages\/4294\/revisions"}],"wp:attachment":[{"href":"https:\/\/metronmetal.ee\/fi\/wp-json\/wp\/v2\/media?parent=4294"}],"curies":[{"name":"wp","href":"https:\/\/api.w.org\/{rel}","templated":true}]}}